{"id":118,"date":"2020-05-06T17:19:10","date_gmt":"2020-05-06T17:19:10","guid":{"rendered":"https:\/\/silvadaptnet.webs.upv.es\/?page_id=118"},"modified":"2020-11-20T14:57:42","modified_gmt":"2020-11-20T13:57:42","slug":"lugares-de-experimentacion","status":"publish","type":"page","link":"https:\/\/silvadaptnet.webs.upv.es\/index.php\/lugares-de-experimentacion\/","title":{"rendered":"Sitios demostrativos"},"content":{"rendered":"\n<p class=\"has-medium-font-size\">SilvAdapt.net<strong> comprende un total de 34 sitios experimentales <\/strong>repartidos por buena parte de nuestra geograf\u00eda. En ellos se intenta recoger la variabilidad en cuanto a la tipolog\u00eda de nuestros montes (estructura forestal, especies, presencia o no de sotobosque, etc.) pero tambi\u00e9n en cuanto a los procesos que ocurren en \u00e9stos desde muy diversas perspectivas. Se llevan a cabo desde estudios fisiol\u00f3gicos a nivel de tejido hasta otros m\u00e1s propios de trabajos hidrol\u00f3gicos a escala de cuenca. A su vez, podemos encontrar tanto parcelas sin gestionar d\u00f3nde reina la evoluci\u00f3n propia de las masas forestales (en muchos casos observ\u00e1ndose impactos negativos en los \u00faltimos a\u00f1os como consecuencia del aumento de la aridez) junto con parcelas tratadas, donde la gesti\u00f3n forestal act\u00faa tanto en el dosel arb\u00f3reo como en las caracter\u00edsticas del suelo.<\/p>\n\n\n\n<p class=\"has-medium-font-size\"><\/p>\n","protected":false},"excerpt":{"rendered":"<p>SilvAdapt.net comprende un total de 34 sitios experimentales repartidos por buena parte de nuestra geograf\u00eda. En ellos se intenta recoger la variabilidad en cuanto a la tipolog\u00eda de nuestros montes (estructura forestal, especies, presencia o no de sotobosque, etc.) pero tambi\u00e9n en cuanto a los procesos que ocurren en \u00e9stos desde muy diversas perspectivas. Se &hellip; <\/p>\n<p class=\"link-more\"><a href=\"https:\/\/silvadaptnet.webs.upv.es\/index.php\/lugares-de-experimentacion\/\" class=\"more-link\">Continuar leyendo<span class=\"screen-reader-text\"> \u00abSitios demostrativos\u00bb<\/span><\/a><\/p>\n","protected":false},"author":1,"featured_media":0,"parent":0,"menu_order":0,"comment_status":"closed","ping_status":"closed","template":"","meta":{"footnotes":""},"class_list":["post-118","page","type-page","status-publish","hentry"],"_links":{"self":[{"href":"https:\/\/silvadaptnet.webs.upv.es\/index.php\/wp-json\/wp\/v2\/pages\/118","targetHints":{"allow":["GET"]}}],"collection":[{"href":"https:\/\/silvadaptnet.webs.upv.es\/index.php\/wp-json\/wp\/v2\/pages"}],"about":[{"href":"https:\/\/silvadaptnet.webs.upv.es\/index.php\/wp-json\/wp\/v2\/types\/page"}],"author":[{"embeddable":true,"href":"https:\/\/silvadaptnet.webs.upv.es\/index.php\/wp-json\/wp\/v2\/users\/1"}],"replies":[{"embeddable":true,"href":"https:\/\/silvadaptnet.webs.upv.es\/index.php\/wp-json\/wp\/v2\/comments?post=118"}],"version-history":[{"count":4,"href":"https:\/\/silvadaptnet.webs.upv.es\/index.php\/wp-json\/wp\/v2\/pages\/118\/revisions"}],"predecessor-version":[{"id":386,"href":"https:\/\/silvadaptnet.webs.upv.es\/index.php\/wp-json\/wp\/v2\/pages\/118\/revisions\/386"}],"wp:attachment":[{"href":"https:\/\/silvadaptnet.webs.upv.es\/index.php\/wp-json\/wp\/v2\/media?parent=118"}],"curies":[{"name":"wp","href":"https:\/\/api.w.org\/{rel}","templated":true}]}}