{"id":13,"date":"2020-05-05T08:21:06","date_gmt":"2020-05-05T08:21:06","guid":{"rendered":"https:\/\/silvadaptnet.webs.upv.es\/?page_id=13"},"modified":"2020-11-21T14:03:48","modified_gmt":"2020-11-21T13:03:48","slug":"acerca-de","status":"publish","type":"page","link":"https:\/\/silvadaptnet.webs.upv.es\/","title":{"rendered":""},"content":{"rendered":"\n<figure class=\"wp-block-image\"><a href=\"https:\/\/silvadaptnet.webs.upv.es\/index.php\/inicio\/\" rel=\"https:\/\/silvadaptnet.webs.upv.es\/index.php\/inicio\/\"><img fetchpriority=\"high\" decoding=\"async\" width=\"609\" height=\"301\" src=\"https:\/\/silvadaptnet.webs.upv.es\/wp-content\/uploads\/2020\/11\/silvadapt-1.jpg\" alt=\"\" class=\"wp-image-299\" srcset=\"https:\/\/silvadaptnet.webs.upv.es\/wp-content\/uploads\/2020\/11\/silvadapt-1.jpg 609w, https:\/\/silvadaptnet.webs.upv.es\/wp-content\/uploads\/2020\/11\/silvadapt-1-300x148.jpg 300w\" sizes=\"(max-width: 609px) 100vw, 609px\" \/><\/a><\/figure>\n\n\n\n<p class=\"has-medium-font-size\">La <strong>Red de Selvicultura Adaptativa al Cambio Clim\u00e1tico<\/strong> (SilvApdat.net) nace como consecuencia de la necesidad de homogeneizar toda la informaci\u00f3n cient\u00edfico-t\u00e9cnica disponible en Espa\u00f1a y con ello servir de punto de encuentro entre los diferentes actores implicados en la correcta gesti\u00f3n de nuestros bosques. <\/p>\n\n\n\n<p class=\"has-medium-font-size\">Gracias a la financiaci\u00f3n del Ministerio de Ciencia, Innovaci\u00f3n y Universidades, la citada Red comenz\u00f3 a dar sus primeros pasos a finales del a\u00f1o 2019. <\/p>\n\n\n\n<p class=\"has-medium-font-size\"> <\/p>\n","protected":false},"excerpt":{"rendered":"<p>La Red de Selvicultura Adaptativa al Cambio Clim\u00e1tico (SilvApdat.net) nace como consecuencia de la necesidad de homogeneizar toda la informaci\u00f3n cient\u00edfico-t\u00e9cnica disponible en Espa\u00f1a y con ello servir de punto de encuentro entre los diferentes actores implicados en la correcta gesti\u00f3n de nuestros bosques. Gracias a la financiaci\u00f3n del Ministerio de Ciencia, Innovaci\u00f3n y Universidades, &hellip; <\/p>\n<p class=\"link-more\"><a href=\"https:\/\/silvadaptnet.webs.upv.es\/\" class=\"more-link\">Continuar leyendo<span class=\"screen-reader-text\"> \u00ab\u00bb<\/span><\/a><\/p>\n","protected":false},"author":1,"featured_media":0,"parent":0,"menu_order":0,"comment_status":"closed","ping_status":"closed","template":"","meta":{"footnotes":""},"class_list":["post-13","page","type-page","status-publish","hentry"],"_links":{"self":[{"href":"https:\/\/silvadaptnet.webs.upv.es\/index.php\/wp-json\/wp\/v2\/pages\/13","targetHints":{"allow":["GET"]}}],"collection":[{"href":"https:\/\/silvadaptnet.webs.upv.es\/index.php\/wp-json\/wp\/v2\/pages"}],"about":[{"href":"https:\/\/silvadaptnet.webs.upv.es\/index.php\/wp-json\/wp\/v2\/types\/page"}],"author":[{"embeddable":true,"href":"https:\/\/silvadaptnet.webs.upv.es\/index.php\/wp-json\/wp\/v2\/users\/1"}],"replies":[{"embeddable":true,"href":"https:\/\/silvadaptnet.webs.upv.es\/index.php\/wp-json\/wp\/v2\/comments?post=13"}],"version-history":[{"count":8,"href":"https:\/\/silvadaptnet.webs.upv.es\/index.php\/wp-json\/wp\/v2\/pages\/13\/revisions"}],"predecessor-version":[{"id":457,"href":"https:\/\/silvadaptnet.webs.upv.es\/index.php\/wp-json\/wp\/v2\/pages\/13\/revisions\/457"}],"wp:attachment":[{"href":"https:\/\/silvadaptnet.webs.upv.es\/index.php\/wp-json\/wp\/v2\/media?parent=13"}],"curies":[{"name":"wp","href":"https:\/\/api.w.org\/{rel}","templated":true}]}}