{"id":35,"date":"2020-05-05T08:54:04","date_gmt":"2020-05-05T08:54:04","guid":{"rendered":"https:\/\/silvadaptnet.webs.upv.es\/?page_id=35"},"modified":"2020-11-22T07:47:43","modified_gmt":"2020-11-22T06:47:43","slug":"inicio","status":"publish","type":"page","link":"https:\/\/silvadaptnet.webs.upv.es\/index.php\/inicio\/","title":{"rendered":"Inicio"},"content":{"rendered":"\n<div class=\"wp-block-media-text alignwide is-stacked-on-mobile\"><figure class=\"wp-block-media-text__media\"><img fetchpriority=\"high\" decoding=\"async\" width=\"1203\" height=\"901\" src=\"https:\/\/silvadaptnet.webs.upv.es\/wp-content\/uploads\/2020\/11\/2-edited.jpeg\" alt=\"logo Silvadapt.net\" class=\"wp-image-439\" srcset=\"https:\/\/silvadaptnet.webs.upv.es\/wp-content\/uploads\/2020\/11\/2-edited.jpeg 1203w, https:\/\/silvadaptnet.webs.upv.es\/wp-content\/uploads\/2020\/11\/2-edited-300x225.jpeg 300w, https:\/\/silvadaptnet.webs.upv.es\/wp-content\/uploads\/2020\/11\/2-edited-1024x767.jpeg 1024w, https:\/\/silvadaptnet.webs.upv.es\/wp-content\/uploads\/2020\/11\/2-edited-768x575.jpeg 768w\" sizes=\"(max-width: 706px) 89vw, (max-width: 767px) 82vw, 740px\" \/><\/figure><div class=\"wp-block-media-text__content\">\n<h1 class=\"wp-block-heading\"><em>Selvicultura adaptativa frente al cambio clim\u00e1tico<\/em><\/h1>\n<\/div><\/div>\n\n\n\n<h3 class=\"has-medium-font-size wp-block-heading\">Las manifestaciones presentes y futuras del <strong>cambio clim\u00e1tico<\/strong>\u00a0<strong>se traducen directamente en cambios en las variables ambientales que regulan las funciones vitales de la vegetaci\u00f3n<\/strong> as\u00ed como su estructura.  El <strong>aumento de las temperaturas<\/strong> y los <strong>cambios en el r\u00e9gimen de precipitaciones<\/strong> en regiones mediterr\u00e1neas, son dos de las manifestaciones m\u00e1s claras, pero existen muchas otras que tambi\u00e9n afectan directamente a la funcionalidad de los ecosistemas forestales en \u00e9ste y otros contextos clim\u00e1ticos. Una mayor severidad y prolongaci\u00f3n de <strong>sequ\u00edas<\/strong> pone al l\u00edmite a la vegetaci\u00f3n existente, adem\u00e1s de aumentar el riesgo de incendio, entre otras <strong>grandes perturbaciones.<\/strong><\/h3>\n\n\n\n<figure class=\"wp-block-image size-large\"><img decoding=\"async\" width=\"1024\" height=\"574\" src=\"https:\/\/silvadaptnet.webs.upv.es\/wp-content\/uploads\/2020\/11\/Baza-warming-1024x574.png\" alt=\"\" class=\"wp-image-437\" srcset=\"https:\/\/silvadaptnet.webs.upv.es\/wp-content\/uploads\/2020\/11\/Baza-warming-1024x574.png 1024w, https:\/\/silvadaptnet.webs.upv.es\/wp-content\/uploads\/2020\/11\/Baza-warming-300x168.png 300w, https:\/\/silvadaptnet.webs.upv.es\/wp-content\/uploads\/2020\/11\/Baza-warming-768x430.png 768w, https:\/\/silvadaptnet.webs.upv.es\/wp-content\/uploads\/2020\/11\/Baza-warming-1536x861.png 1536w, https:\/\/silvadaptnet.webs.upv.es\/wp-content\/uploads\/2020\/11\/Baza-warming.png 2000w\" sizes=\"(max-width: 706px) 89vw, (max-width: 767px) 82vw, 740px\" \/><figcaption>Episodio de mortalidad de P. pinaster en Sierra de Baza en 2016 (foto: Francisco Ruiz-G\u00f3mez). El aumento de las temperaturas medias y el cambio en el r\u00e9gimen de precipitaciones provoca debilitamiento de la masa en areas extensas, haci\u00e9ndolas m\u00e1s susceptibles al ataque de agentes bi\u00f3ticos.<\/figcaption><\/figure>\n\n\n\n<h3 class=\"has-medium-font-size wp-block-heading\">Si las variables biof\u00edsicas que regulan la presencia de vegetaci\u00f3n se integran para zonificar regiones ambientales relativamente homog\u00e9neas, se observa un <strong>desplazamiento geogr\u00e1fico de los bioclimas<\/strong> como consecuencia de los estragos del cambio clim\u00e1tico. Trabajos recientes muestran como, por ejemplo, los fitoclimas norteafricanos c\u00e1lidos y secos se vienen implantando en zonas anteriormente m\u00e1s templadas del suroeste y este peninsular, de manera que la vegetaci\u00f3n all\u00ed presente tiene que desarrollar nuevos mecanismos para su supervivencia. <\/h3>\n\n\n\n<h3 class=\"has-medium-font-size wp-block-heading\">Las evidencias sobre los <strong>impactos asociados al cambio clim\u00e1tico<\/strong>, sobre todo en la <strong>organizaci\u00f3n y estructura de los ecosistemas forestales<\/strong>, son claras y observables en buena parte de nuestro pa\u00eds. Pese a ello, la incertidumbre en el movimiento de los bioclimas es alta y, adem\u00e1s, la dificultad de trasladar estos cambios a la vegetaci\u00f3n es elevada debido a la relaci\u00f3n indirecta que presentan. Autores como Lindner citan diversos problemas como la incertidumbre inherente al proceso de regionalizaci\u00f3n o la falta de linealidad entre dichos cambios y las funciones vitales de los ecosistemas. Esto se traduce en una dificultad a\u00f1adida a la hora de la<strong> toma de decisiones sobre la gesti\u00f3n del bosque en un contexto cambiante.<\/strong><\/h3>\n\n\n\n<h2 class=\"has-black-color has-text-color has-medium-font-size wp-block-heading\">En este contexto, surge el proyecto de la <strong>Red espa\u00f1ola de Selvicultura adaptativa del cambio clim\u00e1tico<\/strong>. El proyecto nace como medio para <strong>unificar los resultados<\/strong> obtenidos por los diferentes grupos de investigaci\u00f3n de nuestro pa\u00eds, intentando dar <strong>respuestas claras sobre las perturbaciones y problem\u00e1ticas asociadas al cambio clim\u00e1tico<\/strong>, y as\u00ed ayudar en la generaci\u00f3n de nuevos criterios para gestionar el monte.<\/h2>\n\n\n\n<figure class=\"wp-block-image size-large\"><img decoding=\"async\" width=\"566\" height=\"218\" src=\"https:\/\/silvadaptnet.webs.upv.es\/wp-content\/uploads\/2020\/11\/Imagen1-3.png\" alt=\"silvadapt.net\" class=\"wp-image-421\" srcset=\"https:\/\/silvadaptnet.webs.upv.es\/wp-content\/uploads\/2020\/11\/Imagen1-3.png 566w, https:\/\/silvadaptnet.webs.upv.es\/wp-content\/uploads\/2020\/11\/Imagen1-3-300x116.png 300w\" sizes=\"(max-width: 566px) 100vw, 566px\" \/><\/figure>\n","protected":false},"excerpt":{"rendered":"<p>Selvicultura adaptativa frente al cambio clim\u00e1tico Las manifestaciones presentes y futuras del cambio clim\u00e1tico\u00a0se traducen directamente en cambios en las variables ambientales que regulan las funciones vitales de la vegetaci\u00f3n as\u00ed como su estructura. El aumento de las temperaturas y los cambios en el r\u00e9gimen de precipitaciones en regiones mediterr\u00e1neas, son dos de las manifestaciones &hellip; <\/p>\n<p class=\"link-more\"><a href=\"https:\/\/silvadaptnet.webs.upv.es\/index.php\/inicio\/\" class=\"more-link\">Continuar leyendo<span class=\"screen-reader-text\"> \u00abInicio\u00bb<\/span><\/a><\/p>\n","protected":false},"author":1,"featured_media":0,"parent":0,"menu_order":0,"comment_status":"closed","ping_status":"closed","template":"","meta":{"footnotes":""},"class_list":["post-35","page","type-page","status-publish","hentry"],"_links":{"self":[{"href":"https:\/\/silvadaptnet.webs.upv.es\/index.php\/wp-json\/wp\/v2\/pages\/35","targetHints":{"allow":["GET"]}}],"collection":[{"href":"https:\/\/silvadaptnet.webs.upv.es\/index.php\/wp-json\/wp\/v2\/pages"}],"about":[{"href":"https:\/\/silvadaptnet.webs.upv.es\/index.php\/wp-json\/wp\/v2\/types\/page"}],"author":[{"embeddable":true,"href":"https:\/\/silvadaptnet.webs.upv.es\/index.php\/wp-json\/wp\/v2\/users\/1"}],"replies":[{"embeddable":true,"href":"https:\/\/silvadaptnet.webs.upv.es\/index.php\/wp-json\/wp\/v2\/comments?post=35"}],"version-history":[{"count":9,"href":"https:\/\/silvadaptnet.webs.upv.es\/index.php\/wp-json\/wp\/v2\/pages\/35\/revisions"}],"predecessor-version":[{"id":473,"href":"https:\/\/silvadaptnet.webs.upv.es\/index.php\/wp-json\/wp\/v2\/pages\/35\/revisions\/473"}],"wp:attachment":[{"href":"https:\/\/silvadaptnet.webs.upv.es\/index.php\/wp-json\/wp\/v2\/media?parent=35"}],"curies":[{"name":"wp","href":"https:\/\/api.w.org\/{rel}","templated":true}]}}