{"id":357,"date":"2020-11-20T13:49:34","date_gmt":"2020-11-20T12:49:34","guid":{"rendered":"https:\/\/silvadaptnet.webs.upv.es\/?page_id=357"},"modified":"2020-11-22T07:18:52","modified_gmt":"2020-11-22T06:18:52","slug":"contacto-2","status":"publish","type":"page","link":"https:\/\/silvadaptnet.webs.upv.es\/index.php\/contacto-2\/","title":{"rendered":"Contacto"},"content":{"rendered":"\n<p class=\"has-medium-font-size\">Escuela T\u00e9cnica Superior de Ingenier\u00eda Agron\u00f3mica y del Medio Natural (ETSIAMN), Universidad Polit\u00e9cnica de Valencia (UPV)<\/p>\n\n\n\n<p class=\"has-medium-font-size\">Cam\u00ed de Vera, s\/n, 46022 Valencia, Valencia<\/p>\n\n\n\n<p class=\"has-medium-font-size\"><strong>Tel\u00e9fono<\/strong>: 963877000 (extensi\u00f3n 77966)<\/p>\n\n\n\n<p class=\"has-medium-font-size\"><strong>e-mail<\/strong>: silvadaptnet@gmail.com<\/p>\n\n\n\nhttp:\/\/www.upv.es\/entidades\/ETSIAMN\/index-es.html\n\n\n\n<p><\/p>\n\n\n\n<div class=\"wp-block-contact-form-7-contact-form-selector\">\n<div class=\"wpcf7 no-js\" id=\"wpcf7-f469-o1\" lang=\"es-ES\" dir=\"ltr\" data-wpcf7-id=\"469\">\n<div class=\"screen-reader-response\"><p role=\"status\" aria-live=\"polite\" aria-atomic=\"true\"><\/p> <ul><\/ul><\/div>\n<form action=\"\/index.php\/wp-json\/wp\/v2\/pages\/357#wpcf7-f469-o1\" method=\"post\" class=\"wpcf7-form init\" aria-label=\"Formulario de contacto\" novalidate=\"novalidate\" data-status=\"init\">\n<fieldset class=\"hidden-fields-container\"><input type=\"hidden\" name=\"_wpcf7\" value=\"469\" \/><input type=\"hidden\" name=\"_wpcf7_version\" value=\"6.1.5\" \/><input type=\"hidden\" name=\"_wpcf7_locale\" value=\"es_ES\" \/><input type=\"hidden\" name=\"_wpcf7_unit_tag\" value=\"wpcf7-f469-o1\" \/><input type=\"hidden\" name=\"_wpcf7_container_post\" value=\"0\" \/><input type=\"hidden\" name=\"_wpcf7_posted_data_hash\" value=\"\" \/>\n<\/fieldset>\n<p><label> Tu nombre<br \/>\n<span class=\"wpcf7-form-control-wrap\" data-name=\"your-name\"><input size=\"40\" maxlength=\"400\" class=\"wpcf7-form-control wpcf7-text wpcf7-validates-as-required\" aria-required=\"true\" aria-invalid=\"false\" value=\"\" type=\"text\" name=\"your-name\" \/><\/span> <\/label>\n<\/p>\n<p><label> Tu correo electr\u00f3nico<br \/>\n<span class=\"wpcf7-form-control-wrap\" data-name=\"your-email\"><input size=\"40\" maxlength=\"400\" class=\"wpcf7-form-control wpcf7-email wpcf7-validates-as-required wpcf7-text wpcf7-validates-as-email\" aria-required=\"true\" aria-invalid=\"false\" value=\"\" type=\"email\" name=\"your-email\" \/><\/span> <\/label>\n<\/p>\n<p><label> Asunto<br \/>\n<span class=\"wpcf7-form-control-wrap\" data-name=\"your-subject\"><input size=\"40\" maxlength=\"400\" class=\"wpcf7-form-control wpcf7-text wpcf7-validates-as-required\" aria-required=\"true\" aria-invalid=\"false\" value=\"\" type=\"text\" name=\"your-subject\" \/><\/span> <\/label>\n<\/p>\n<p><label> Tu mensaje (opcional)<br \/>\n<span class=\"wpcf7-form-control-wrap\" data-name=\"your-message\"><textarea cols=\"40\" rows=\"10\" maxlength=\"2000\" class=\"wpcf7-form-control wpcf7-textarea\" aria-invalid=\"false\" name=\"your-message\"><\/textarea><\/span> <\/label>\n<\/p>\n<p><input class=\"wpcf7-form-control wpcf7-submit has-spinner\" type=\"submit\" value=\"Enviar\" \/>\n<\/p><p style=\"display: none !important;\" class=\"akismet-fields-container\" data-prefix=\"_wpcf7_ak_\"><label>&#916;<textarea name=\"_wpcf7_ak_hp_textarea\" cols=\"45\" rows=\"8\" maxlength=\"100\"><\/textarea><\/label><input type=\"hidden\" id=\"ak_js_1\" name=\"_wpcf7_ak_js\" value=\"158\"\/><script>\ndocument.getElementById( \"ak_js_1\" ).setAttribute( \"value\", ( new Date() ).getTime() );\n<\/script>\n<\/p><div class=\"wpcf7-response-output\" aria-hidden=\"true\"><\/div>\n<\/form>\n<\/div>\n<\/div>\n","protected":false},"excerpt":{"rendered":"<p>Escuela T\u00e9cnica Superior de Ingenier\u00eda Agron\u00f3mica y del Medio Natural (ETSIAMN), Universidad Polit\u00e9cnica de Valencia (UPV) Cam\u00ed de Vera, s\/n, 46022 Valencia, Valencia Tel\u00e9fono: 963877000 (extensi\u00f3n 77966) e-mail: silvadaptnet@gmail.com http:\/\/www.upv.es\/entidades\/ETSIAMN\/index-es.html<\/p>\n","protected":false},"author":2,"featured_media":0,"parent":0,"menu_order":0,"comment_status":"closed","ping_status":"closed","template":"","meta":{"footnotes":""},"class_list":["post-357","page","type-page","status-publish","hentry"],"_links":{"self":[{"href":"https:\/\/silvadaptnet.webs.upv.es\/index.php\/wp-json\/wp\/v2\/pages\/357","targetHints":{"allow":["GET"]}}],"collection":[{"href":"https:\/\/silvadaptnet.webs.upv.es\/index.php\/wp-json\/wp\/v2\/pages"}],"about":[{"href":"https:\/\/silvadaptnet.webs.upv.es\/index.php\/wp-json\/wp\/v2\/types\/page"}],"author":[{"embeddable":true,"href":"https:\/\/silvadaptnet.webs.upv.es\/index.php\/wp-json\/wp\/v2\/users\/2"}],"replies":[{"embeddable":true,"href":"https:\/\/silvadaptnet.webs.upv.es\/index.php\/wp-json\/wp\/v2\/comments?post=357"}],"version-history":[{"count":4,"href":"https:\/\/silvadaptnet.webs.upv.es\/index.php\/wp-json\/wp\/v2\/pages\/357\/revisions"}],"predecessor-version":[{"id":471,"href":"https:\/\/silvadaptnet.webs.upv.es\/index.php\/wp-json\/wp\/v2\/pages\/357\/revisions\/471"}],"wp:attachment":[{"href":"https:\/\/silvadaptnet.webs.upv.es\/index.php\/wp-json\/wp\/v2\/media?parent=357"}],"curies":[{"name":"wp","href":"https:\/\/api.w.org\/{rel}","templated":true}]}}