{"id":394,"date":"2020-11-20T15:35:57","date_gmt":"2020-11-20T14:35:57","guid":{"rendered":"https:\/\/silvadaptnet.webs.upv.es\/?page_id=394"},"modified":"2020-11-22T08:02:54","modified_gmt":"2020-11-22T07:02:54","slug":"segunda-reunion-virtual","status":"publish","type":"page","link":"https:\/\/silvadaptnet.webs.upv.es\/index.php\/segunda-reunion-virtual\/","title":{"rendered":"Segunda Reuni\u00f3n Plenaria Virtual"},"content":{"rendered":"\n<p class=\"has-medium-font-size\">La citada reuni\u00f3n plenaria tiene lugar el d\u00eda 25 de Noviembre de 2020. El programa a tratar es el siguiente:<\/p>\n\n\n\n<figure class=\"wp-block-table\"><table><thead><tr><td><strong>HORA<\/strong><\/td><td><strong>T\u00cdTULO<\/strong><\/td><td><strong>PONENTE<\/strong><\/td><\/tr><\/thead><tbody><tr><td>9:00-9:10<\/td><td>Recepci\u00f3n virtual asistentes. Presentaci\u00f3n de la Jornada. Ronda de presentaciones para aquellos que no hayan estado en la primera reuni\u00f3n, invitados, etc.<\/td><td>&nbsp;<\/td><\/tr><tr><td>9:10-9:15<\/td><td>Lectura y aprobaci\u00f3n del acta de la primera reuni\u00f3n.&nbsp;<\/td><td>&nbsp;<\/td><\/tr><tr><td>9:15-9:35<\/td><td><strong>Ponencia invitada<\/strong>:<strong> <\/strong>Simulaci\u00f3n Hidrol\u00f3gica de Cuencas sometidas a Escenarios Locales de Cambio Clim\u00e1tico y su implicaci\u00f3n en la vulnerabilidad de masas forestales. (Proyecto Risk AquaSoil Interreg Atlantic Area).<\/td><td>Juan Jos\u00e9 Guerrero \u00c1lvarez ,Agencia Medio Ambiente y Agua. CAGPD. J. de Andaluc\u00eda<\/td><\/tr><tr><td>9:35-9:40<\/td><td>Preguntas<\/td><td>&nbsp;<\/td><\/tr><tr><td><em>9:40-9:50<\/em><\/td><td><em>Receso<\/em><\/td><td><em>&nbsp;<\/em><\/td><\/tr><tr><td>9:50-10:20<\/td><td>Grupo<strong> Resiliencia Clim\u00e1tica<\/strong>: Selvicultura adaptativa en masas artificiales de pinar. Las claras en masas de pinar como medida de adaptaci\u00f3n al clima. Estudios de claras a lo largo de un gradiente clim\u00e1tico (datos que hemos recopilado). Hip\u00f3tesis del trabajo y una hoja de ruta breve. Preguntas y comentarios.<\/td><td>Rafael Navarro, \u00a0 J.J. Camarero<\/td><\/tr><tr><td>10:20-10:50<\/td><td>Grupo <strong>Stocks de Carbono<\/strong>: Planteamiento de la selvicultura del C como mitigaci\u00f3n\/adaptaci\u00f3n al clima. Ponencia invitada: Estimaci\u00f3n ra\u00edces gruesas con GPR. Relaci\u00f3n entre las parcelas de selvicultura (Grupo Resiliencia) y los estudios de selvicultura del C. Preguntas y comentarios<\/td><td>V\u00edctor Castillo, \u00a0 Simone di Prima (U. degli Studi di Sassari), \u00a0 Rafael Navarro<\/td><\/tr><tr><td><em>10:50-11:00<\/em><\/td><td><em>Receso<\/em><\/td><td><em>&nbsp;<\/em><\/td><\/tr><tr><td>11:00-11:30<\/td><td>Grupo<strong> Biodiversidad<\/strong>. Presentaci\u00f3n del trabajo realizado: 1\u00aa reuni\u00f3n virtual de presentaci\u00f3n del IBP. Recopilaci\u00f3n de la informaci\u00f3n de base sobre las parcelas candidatas. Discusi\u00f3n sobre las limitaciones de aplicaci\u00f3n y posibles enfoques del estudio. Otros aspectos.<\/td><td>Teresa Baiges \/ Teresa Cervera \u00a0 \u00a0 \u00a0<\/td><\/tr><tr><td>11:30-12:00<\/td><td>Grupo<strong> Bosque-agua<\/strong>. Trabajo realizado hasta la fecha y potencialidad del grupo. Propuesta de encaje de datos\/casos en un trabajo integral: \u201cTipificaci\u00f3n del uso de agua de las principales especies forestales. Impacto de la estructura forestal\u201d. Otros trabajos grupales previstos. Preguntas y comentarios.<\/td><td>Antonio del Campo \/ Antonio J. Molina<\/td><\/tr><tr><td><em>12:00-12:10<\/em><\/td><td><em>Receso<\/em><\/td><td><em>&nbsp;<\/em><\/td><\/tr><tr><td>12:10-12:40<\/td><td>Grupo<strong> Fuego<\/strong>. Presentaci\u00f3n : El proyecto Guardian: Aunando prevenci\u00f3n y extinci\u00f3n. Efectos de la selvicultura adaptativa sobre el riesgo de incendio y comportamiento del fuego.  Restauraci\u00f3n: Estrategias de manejo post-incendio en el contexto de cambio clim\u00e1tico: discusi\u00f3n grupal, sugerencias, interesados, bases datos, etc.<\/td><td>Manuel E Lucas Borja, Antonio J. Molina, \u00a0 \u00a0 Antonio del Campo \u00a0 \u00a0 \u00a0 \u00a0 <\/td><\/tr><tr><td>12:40-13:10<\/td><td>Grupo<strong> Modelaci\u00f3n<\/strong>. Presentaci\u00f3n Objetivos y plan de trabajo. Inputs\/outputs de los modelos (interactiva con el resto de los miembros de la red). Primeros resultados. Preguntas y comentarios.<\/td><td>Mar\u00eda Gonz\u00e1lez-Sanchis \/ Juan Blanco<\/td><\/tr><tr><td>13:10-13:30<\/td><td><strong>Comunicaci\u00f3n-difusi\u00f3n. <\/strong>Avances, propuestas, etc. Difusi\u00f3n de la red en foros nacionales\/internacionales.<\/td><td>Antonio del Campo \/ Antonio J. Molina<\/td><\/tr><tr><td>13:30-14:00<\/td><td><strong>Discusi\u00f3n general.<\/strong> Asuntos internos red: estado cuentas, propuestas actividades 2021, fecha siguiente reuni\u00f3n y lugar, etc.<\/td><td>Plenaria<\/td><\/tr><tr><td>14:00<\/td><td>Cierre reuni\u00f3n.<\/td><td>&nbsp;<\/td><\/tr><\/tbody><\/table><\/figure>\n\n\n\n<div class=\"wp-block-file\"><a href=\"https:\/\/silvadaptnet.webs.upv.es\/wp-content\/uploads\/2020\/11\/programa-2a-reunion-plenaria.pdf\">programa-2a-reunion-plenaria<\/a><a href=\"https:\/\/silvadaptnet.webs.upv.es\/wp-content\/uploads\/2020\/11\/programa-2a-reunion-plenaria.pdf\" class=\"wp-block-file__button\" download>Descarga<\/a><\/div>\n\n\n\n<p><\/p>\n","protected":false},"excerpt":{"rendered":"<p>La citada reuni\u00f3n plenaria tiene lugar el d\u00eda 25 de Noviembre de 2020. El programa a tratar es el siguiente: HORA T\u00cdTULO PONENTE 9:00-9:10 Recepci\u00f3n virtual asistentes. Presentaci\u00f3n de la Jornada. Ronda de presentaciones para aquellos que no hayan estado en la primera reuni\u00f3n, invitados, etc. &nbsp; 9:10-9:15 Lectura y aprobaci\u00f3n del acta de la &hellip; <\/p>\n<p class=\"link-more\"><a href=\"https:\/\/silvadaptnet.webs.upv.es\/index.php\/segunda-reunion-virtual\/\" class=\"more-link\">Continuar leyendo<span class=\"screen-reader-text\"> \u00abSegunda Reuni\u00f3n Plenaria Virtual\u00bb<\/span><\/a><\/p>\n","protected":false},"author":2,"featured_media":0,"parent":0,"menu_order":0,"comment_status":"closed","ping_status":"closed","template":"","meta":{"footnotes":""},"class_list":["post-394","page","type-page","status-publish","hentry"],"_links":{"self":[{"href":"https:\/\/silvadaptnet.webs.upv.es\/index.php\/wp-json\/wp\/v2\/pages\/394","targetHints":{"allow":["GET"]}}],"collection":[{"href":"https:\/\/silvadaptnet.webs.upv.es\/index.php\/wp-json\/wp\/v2\/pages"}],"about":[{"href":"https:\/\/silvadaptnet.webs.upv.es\/index.php\/wp-json\/wp\/v2\/types\/page"}],"author":[{"embeddable":true,"href":"https:\/\/silvadaptnet.webs.upv.es\/index.php\/wp-json\/wp\/v2\/users\/2"}],"replies":[{"embeddable":true,"href":"https:\/\/silvadaptnet.webs.upv.es\/index.php\/wp-json\/wp\/v2\/comments?post=394"}],"version-history":[{"count":3,"href":"https:\/\/silvadaptnet.webs.upv.es\/index.php\/wp-json\/wp\/v2\/pages\/394\/revisions"}],"predecessor-version":[{"id":474,"href":"https:\/\/silvadaptnet.webs.upv.es\/index.php\/wp-json\/wp\/v2\/pages\/394\/revisions\/474"}],"wp:attachment":[{"href":"https:\/\/silvadaptnet.webs.upv.es\/index.php\/wp-json\/wp\/v2\/media?parent=394"}],"curies":[{"name":"wp","href":"https:\/\/api.w.org\/{rel}","templated":true}]}}