{"id":83,"date":"2020-05-06T10:03:10","date_gmt":"2020-05-06T10:03:10","guid":{"rendered":"https:\/\/silvadaptnet.webs.upv.es\/?page_id=83"},"modified":"2020-11-20T14:40:31","modified_gmt":"2020-11-20T13:40:31","slug":"objetivos","status":"publish","type":"page","link":"https:\/\/silvadaptnet.webs.upv.es\/index.php\/objetivos\/","title":{"rendered":"Objetivos"},"content":{"rendered":"<p>El <strong>objetivo fundamental <\/strong>de la Red SilvAdapt.net es la integraci\u00f3n de diferentes grupos de investigaci\u00f3n en selvicultura adaptativa al cambio clim\u00e1tico, contribuyendo con conocimientos, metodolog\u00edas y con sitio experimentales activos, para el desarrollo de un marco de gesti\u00f3n forestal adaptativa de base eco-hidrol\u00f3gica generalizable a todo el territorio peninsular.<\/p>\n<p>El objetivo global de integraci\u00f3n se desarrolla en base a los siguientes <strong>objetivos espec\u00edficos<\/strong>:<\/p>\n<ol>\n<li>Establecer una red de sitios demostrativos que contemple diferentes opciones de adaptaci\u00f3n, replicadas y con un seguimiento y evaluaciones comparables, en una amplia representaci\u00f3n de bosques mediterr\u00e1neos y sub-mediterr\u00e1neos espa\u00f1oles con diferentes grados de afecciones clim\u00e1ticas en su estructura y funci\u00f3n.<\/li>\n<li>Armonizar metodolog\u00edas de seguimiento para los indicadores m\u00e1s importantes (productividad, agua, clima, rasgos funcionales, biodiversidad, etc.) en los sitios donde se est\u00e1n monitoreando.<\/li>\n<li>Promover encuentros e intercambio de informaci\u00f3n y comunicaci\u00f3n entre los diferentes integrantes de la Red (grupos de investigaci\u00f3n).<\/li>\n<li>Identificar lagunas de conocimiento, de carencias de sitios demostrativos adicionales, y de l\u00edneas de trabajo a desarrollar, que permitan plantear actividades conjuntas de I+D+I. En l\u00ednea con ello, identificar las posibilidades de financiaci\u00f3n de convocatorias y programas nacionales e internacionales para concurrir mediante proyectos coordinados.<\/li>\n<li>Analizar comparativamente los resultados (meta-an\u00e1lisis) de las diferentes opciones de adaptaci\u00f3n obtenidos hasta la fecha por los miembros de la Red y elaborar documentos t\u00e9cnicos y cient\u00edficos que profundicen en la mayor o menor oportunidad de la gesti\u00f3n forestal adaptativa en funci\u00f3n de las interacciones bosque-clima. En esta l\u00ednea, calibrar y validar modelos de procesos de din\u00e1mica forestal con los datos previos de modo que se puedan modelizar alternativas de gesti\u00f3n para casos concretos.<\/li>\n<li>Transferir los resultados a potenciales beneficiarios de nuestro pa\u00eds (ej. responsables t\u00e9cnicos de gesti\u00f3n y pol\u00edtica forestal a nivel nacional y auton\u00f3mico, asociaciones de propietarios forestales, empresas maderistas, etc.), identificando posibles colaboraciones entre la investigaci\u00f3n, la gesti\u00f3n y los sectores p\u00fablicos.<\/li>\n<li>Desarrollar un plan de comunicaci\u00f3n para informar al p\u00fablico en general, estudiantes, ONG\u2019s, l\u00edderes pol\u00edticos, etc. que incluya, entre otras, charlas en institutos(indicador: n\u00famero de charlas y de estudiantes que asiste); escuela de verano; desarrollo temario\u00a0de una asignatura de gesti\u00f3n adaptativa para los grados relacionados con ingenier\u00eda forestal; desarrollo de un video de divulgaci\u00f3n; etc.<\/li>\n<li>Promover la internacionalizaci\u00f3n de la Red.<\/li>\n<\/ol>\n","protected":false},"excerpt":{"rendered":"<p>El objetivo fundamental de la Red SilvAdapt.net es la integraci\u00f3n de diferentes grupos de investigaci\u00f3n en selvicultura adaptativa al cambio clim\u00e1tico, contribuyendo con conocimientos, metodolog\u00edas y con sitio experimentales activos, para el desarrollo de un marco de gesti\u00f3n forestal adaptativa de base eco-hidrol\u00f3gica generalizable a todo el territorio peninsular. El objetivo global de integraci\u00f3n se &hellip; <\/p>\n<p class=\"link-more\"><a href=\"https:\/\/silvadaptnet.webs.upv.es\/index.php\/objetivos\/\" class=\"more-link\">Continuar leyendo<span class=\"screen-reader-text\"> \u00abObjetivos\u00bb<\/span><\/a><\/p>\n","protected":false},"author":1,"featured_media":0,"parent":0,"menu_order":0,"comment_status":"closed","ping_status":"closed","template":"","meta":{"footnotes":""},"class_list":["post-83","page","type-page","status-publish","hentry"],"_links":{"self":[{"href":"https:\/\/silvadaptnet.webs.upv.es\/index.php\/wp-json\/wp\/v2\/pages\/83","targetHints":{"allow":["GET"]}}],"collection":[{"href":"https:\/\/silvadaptnet.webs.upv.es\/index.php\/wp-json\/wp\/v2\/pages"}],"about":[{"href":"https:\/\/silvadaptnet.webs.upv.es\/index.php\/wp-json\/wp\/v2\/types\/page"}],"author":[{"embeddable":true,"href":"https:\/\/silvadaptnet.webs.upv.es\/index.php\/wp-json\/wp\/v2\/users\/1"}],"replies":[{"embeddable":true,"href":"https:\/\/silvadaptnet.webs.upv.es\/index.php\/wp-json\/wp\/v2\/comments?post=83"}],"version-history":[{"count":6,"href":"https:\/\/silvadaptnet.webs.upv.es\/index.php\/wp-json\/wp\/v2\/pages\/83\/revisions"}],"predecessor-version":[{"id":381,"href":"https:\/\/silvadaptnet.webs.upv.es\/index.php\/wp-json\/wp\/v2\/pages\/83\/revisions\/381"}],"wp:attachment":[{"href":"https:\/\/silvadaptnet.webs.upv.es\/index.php\/wp-json\/wp\/v2\/media?parent=83"}],"curies":[{"name":"wp","href":"https:\/\/api.w.org\/{rel}","templated":true}]}}